{"id":1140,"date":"2020-07-06T17:03:23","date_gmt":"2020-07-06T17:03:23","guid":{"rendered":"https:\/\/www.sus-gohr.de\/?page_id=1140"},"modified":"2020-10-05T10:02:28","modified_gmt":"2020-10-05T10:02:28","slug":"boule-news-2020-juli","status":"publish","type":"page","link":"https:\/\/www.sus-gohr.de\/index.php\/boule-ist-cool\/elementor-1147\/boule-news-2020-juli\/","title":{"rendered":"Boule-News Archiv Juni\/Juli 2020"},"content":{"rendered":"\t\t<div data-elementor-type=\"wp-page\" data-elementor-id=\"1140\" class=\"elementor elementor-1140\" data-elementor-post-type=\"page\">\n\t\t\t\t\t\t<section class=\"elementor-section elementor-top-section elementor-element elementor-element-bd206ee elementor-section-boxed elementor-section-height-default elementor-section-height-default\" data-id=\"bd206ee\" data-element_type=\"section\" data-e-type=\"section\">\n\t\t\t\t\t\t<div class=\"elementor-container elementor-column-gap-default\">\n\t\t\t\t\t<div class=\"elementor-column elementor-col-100 elementor-top-column elementor-element elementor-element-629386d8\" data-id=\"629386d8\" data-element_type=\"column\" data-e-type=\"column\">\n\t\t\t<div class=\"elementor-widget-wrap elementor-element-populated\">\n\t\t\t\t\t\t<div class=\"elementor-element elementor-element-92868f2 elementor-widget elementor-widget-spacer\" data-id=\"92868f2\" data-element_type=\"widget\" data-e-type=\"widget\" data-widget_type=\"spacer.default\">\n\t\t\t\t<div class=\"elementor-widget-container\">\n\t\t\t\t\t\t\t<div class=\"elementor-spacer\">\n\t\t\t<div class=\"elementor-spacer-inner\"><\/div>\n\t\t<\/div>\n\t\t\t\t\t\t<\/div>\n\t\t\t\t<\/div>\n\t\t\t\t<div class=\"elementor-element elementor-element-059b63b elementor-widget elementor-widget-heading\" data-id=\"059b63b\" data-element_type=\"widget\" data-e-type=\"widget\" data-widget_type=\"heading.default\">\n\t\t\t\t<div class=\"elementor-widget-container\">\n\t\t\t\t\t<h2 class=\"elementor-heading-title elementor-size-default\">Boule-News Juni\/Juli 2020 des SuS Gohr<\/h2>\t\t\t\t<\/div>\n\t\t\t\t<\/div>\n\t\t\t\t<div class=\"elementor-element elementor-element-79fd2ed elementor-widget elementor-widget-spacer\" data-id=\"79fd2ed\" data-element_type=\"widget\" data-e-type=\"widget\" data-widget_type=\"spacer.default\">\n\t\t\t\t<div class=\"elementor-widget-container\">\n\t\t\t\t\t\t\t<div class=\"elementor-spacer\">\n\t\t\t<div class=\"elementor-spacer-inner\"><\/div>\n\t\t<\/div>\n\t\t\t\t\t\t<\/div>\n\t\t\t\t<\/div>\n\t\t\t\t\t<\/div>\n\t\t<\/div>\n\t\t\t\t\t<\/div>\n\t\t<\/section>\n\t\t\t\t<section class=\"elementor-section elementor-top-section elementor-element elementor-element-23ab9d7 elementor-section-boxed elementor-section-height-default elementor-section-height-default\" data-id=\"23ab9d7\" data-element_type=\"section\" data-e-type=\"section\">\n\t\t\t\t\t\t<div class=\"elementor-container elementor-column-gap-default\">\n\t\t\t\t\t<div class=\"elementor-column elementor-col-50 elementor-top-column elementor-element elementor-element-cf7bf2a\" data-id=\"cf7bf2a\" data-element_type=\"column\" data-e-type=\"column\">\n\t\t\t<div class=\"elementor-widget-wrap elementor-element-populated\">\n\t\t\t\t\t\t<div class=\"elementor-element elementor-element-14d5864 elementor-widget elementor-widget-text-editor\" data-id=\"14d5864\" data-element_type=\"widget\" data-e-type=\"widget\" data-widget_type=\"text-editor.default\">\n\t\t\t\t<div class=\"elementor-widget-container\">\n\t\t\t\t\t\t\t\t\t<p><strong><span style=\"font-family: Times New Roman, serif;\"><span style=\"font-size: medium;\">BPV NRW Cups<\/span><\/span><\/strong><\/p><p><span style=\"font-family: Times New Roman, serif;\"><span style=\"font-size: medium;\">Am <\/span><\/span><span style=\"font-family: Times New Roman, serif;\"><span style=\"font-size: medium;\"><b>05.07.2020<\/b><\/span><\/span><span style=\"font-family: Times New Roman, serif;\"><span style=\"font-size: medium;\"> um 12:00 Uhr wird in Gohr eine Begegnung des <\/span><\/span><span style=\"font-family: Times New Roman, serif;\"><span style=\"font-size: medium;\">BPV NRW Cups des <a href=\"https:\/\/www.boule-nrw.de\/\" target=\"_top\">Boule und P\u00e9tanque Verbandes Nordrhein-Westfalen e.V.<\/a> ausgetragen. Die Pinguine spielen gegen die Mannschaft von Wuppertal-Vohwinkel 2. Es findet eine Cadrage statt. <\/span><\/span><span style=\"font-family: Times New Roman, serif;\"><span style=\"font-size: medium;\">Sie hat den Sinn, die Anzahl der Mannschaften in einer Gruppe auf eine Anzahl zu reduzieren (hier 16), die einer 2er-<a href=\"https:\/\/de.wikipedia.org\/wiki\/Potenz_(Mathematik)\" target=\"Potenz (Mathematik)\">Potenz<\/a> (2, 4, 8, 16, 32 usw.) entspricht. Wer diese Begegnung verliert, ist aus dieser Meisterschaft ausgeschieden, wird sie gewonnen, hat man sich f\u00fcr die Vorrunden qualifiziert. Die erste Vorrunde muss bis zum 09.08.2020, die zweite bis zum 30.08.2020 gespielt sein<\/span><span style=\"font-size: medium;\">. <\/span><\/span><span style=\"font-family: Times New Roman, serif;\"><span style=\"font-size: medium;\">Der Termin f\u00fcr das 1\/8 und das 1\/4 Finale ist der 20.09.2020, die Endrunde findet am 04.10.2020 statt.<\/span><\/span><\/p>\t\t\t\t\t\t\t\t<\/div>\n\t\t\t\t<\/div>\n\t\t\t\t\t<\/div>\n\t\t<\/div>\n\t\t\t\t<div class=\"elementor-column elementor-col-50 elementor-top-column elementor-element elementor-element-bd4464a\" data-id=\"bd4464a\" data-element_type=\"column\" data-e-type=\"column\">\n\t\t\t<div class=\"elementor-widget-wrap elementor-element-populated\">\n\t\t\t\t\t\t<div class=\"elementor-element elementor-element-32da189 elementor-widget elementor-widget-text-editor\" data-id=\"32da189\" data-element_type=\"widget\" data-e-type=\"widget\" data-widget_type=\"text-editor.default\">\n\t\t\t\t<div class=\"elementor-widget-container\">\n\t\t\t\t\t\t\t\t\t<p><span style=\"font-family: Times New Roman, serif;\"><span style=\"font-size: medium;\"><b>Preis-Boule am 11.07.20 <\/b><\/span><\/span><\/p>\n<p><span style=\"font-family: Times New Roman, serif;\"><span style=\"font-size: medium;\">Am<\/span><\/span><span style=\"font-family: Times New Roman, serif;\"><span style=\"font-size: medium;\"><b> 11.07.20<\/b><\/span><\/span><span style=\"font-family: Times New Roman, serif;\"><span style=\"font-size: medium;\"> findet, wie wieder jeden zweiten Samstag im Monat, das Preis-Boule statt. Der Beginn ist um 14.00 Uhr und gespielt wird auf optimal pr\u00e4parierten Bahnen, sowohl ebene als auch mit Split aufgef\u00fcllte Bahnen. Das Preisgeld wird zur H\u00e4lfte an die Gewinner ausgesch\u00fcttet und das Ende ist zeitlich offen gestaltet. Es d\u00fcrfen auch G\u00e4ste aus anderen Vereinen teilnehmen, so k\u00f6nnen wir uns der \u201eNormalit\u00e4t\u201c wieder ein St\u00fcck n\u00e4hern. <\/span><\/span><\/p>\t\t\t\t\t\t\t\t<\/div>\n\t\t\t\t<\/div>\n\t\t\t\t\t<\/div>\n\t\t<\/div>\n\t\t\t\t\t<\/div>\n\t\t<\/section>\n\t\t\t\t<section class=\"elementor-section elementor-top-section elementor-element elementor-element-86dfae4 elementor-section-boxed elementor-section-height-default elementor-section-height-default\" data-id=\"86dfae4\" data-element_type=\"section\" data-e-type=\"section\">\n\t\t\t\t\t\t<div class=\"elementor-container elementor-column-gap-default\">\n\t\t\t\t\t<div class=\"elementor-column elementor-col-100 elementor-top-column elementor-element elementor-element-1875a5a\" data-id=\"1875a5a\" data-element_type=\"column\" data-e-type=\"column\">\n\t\t\t<div class=\"elementor-widget-wrap elementor-element-populated\">\n\t\t\t\t\t\t<div class=\"elementor-element elementor-element-d8bf688 elementor-widget elementor-widget-text-editor\" data-id=\"d8bf688\" data-element_type=\"widget\" data-e-type=\"widget\" data-widget_type=\"text-editor.default\">\n\t\t\t\t<div class=\"elementor-widget-container\">\n\t\t\t\t\t\t\t\t\t<p><a name=\"_GoBack\"><\/a> <span style=\"font-family: Times New Roman, serif;\"><span style=\"font-size: medium;\">Unser Jahresangebot umfasst die Spieltage Dienstag, Donnerstag und Samstag jeweils ab 14.00 Uhr. Das Preis-Boule findet jeden zweiten Samstag im Monat statt. Beginn ist auch hier 14.00 Uhr. <\/span><\/span><span style=\"font-family: Times New Roman, serif;\"><span style=\"font-size: medium;\"><b>Bitte erkundigen Sie sich immer vorher \u00fcber die aktuellen Vorgaben \/ Hygiene- und <\/b><\/span><\/span><span style=\"color: #0000ff;\"><span style=\"color: #000000;\"><span style=\"font-family: Times New Roman, serif;\"><span style=\"font-size: medium;\"><b><a href=\"https:\/\/www.infektionsschutz.de\/coronavirus\/verhaltensregeln.html\">Verhaltensregeln<\/a>. <\/b><\/span><\/span><\/span><\/span><span style=\"font-family: Times New Roman, serif;\"><span style=\"font-size: medium;\"><b>Ein gem\u00fctliches \u201eApr\u00e8s Boule&#8220; nach jedem Spieltag ist momentan leider nicht m\u00f6glich.<\/b><\/span><\/span><span style=\"font-family: Times New Roman, serif;\"><span style=\"font-size: medium;\"> Interessierte sind jederzeit herzlich willkommen. <\/span><\/span><\/p>\n<p><br \/><br \/><\/p>\t\t\t\t\t\t\t\t<\/div>\n\t\t\t\t<\/div>\n\t\t\t\t<div class=\"elementor-element elementor-element-8a6df29 elementor-widget elementor-widget-heading\" data-id=\"8a6df29\" data-element_type=\"widget\" data-e-type=\"widget\" data-widget_type=\"heading.default\">\n\t\t\t\t<div class=\"elementor-widget-container\">\n\t\t\t\t\t<h2 class=\"elementor-heading-title elementor-size-large\">Boule ist cool!<\/h2>\t\t\t\t<\/div>\n\t\t\t\t<\/div>\n\t\t\t\t\t<\/div>\n\t\t<\/div>\n\t\t\t\t\t<\/div>\n\t\t<\/section>\n\t\t\t\t<\/div>\n\t\t","protected":false},"excerpt":{"rendered":"<p>Boule-News Juni\/Juli 2020 des SuS Gohr BPV NRW Cups Am 05.07.2020 um 12:00 Uhr wird in Gohr eine Begegnung des BPV NRW Cups des Boule und P\u00e9tanque Verbandes Nordrhein-Westfalen e.V. ausgetragen. Die Pinguine spielen gegen die Mannschaft von Wuppertal-Vohwinkel 2. Es findet eine Cadrage statt. Sie hat den Sinn, die Anzahl der Mannschaften in einer [&hellip;]<\/p>\n","protected":false},"author":1,"featured_media":0,"parent":1147,"menu_order":0,"comment_status":"closed","ping_status":"closed","template":"elementor_header_footer","meta":{"ocean_post_layout":"","ocean_both_sidebars_style":"","ocean_both_sidebars_content_width":0,"ocean_both_sidebars_sidebars_width":0,"ocean_sidebar":"0","ocean_second_sidebar":"0","ocean_disable_margins":"enable","ocean_add_body_class":"","ocean_shortcode_before_top_bar":"","ocean_shortcode_after_top_bar":"","ocean_shortcode_before_header":"","ocean_shortcode_after_header":"","ocean_has_shortcode":"","ocean_shortcode_after_title":"","ocean_shortcode_before_footer_widgets":"","ocean_shortcode_after_footer_widgets":"","ocean_shortcode_before_footer_bottom":"","ocean_shortcode_after_footer_bottom":"","ocean_display_top_bar":"default","ocean_display_header":"default","ocean_header_style":"","ocean_center_header_left_menu":"0","ocean_custom_header_template":"0","ocean_custom_logo":0,"ocean_custom_retina_logo":0,"ocean_custom_logo_max_width":0,"ocean_custom_logo_tablet_max_width":0,"ocean_custom_logo_mobile_max_width":0,"ocean_custom_logo_max_height":0,"ocean_custom_logo_tablet_max_height":0,"ocean_custom_logo_mobile_max_height":0,"ocean_header_custom_menu":"0","ocean_menu_typo_font_family":"0","ocean_menu_typo_font_subset":"","ocean_menu_typo_font_size":0,"ocean_menu_typo_font_size_tablet":0,"ocean_menu_typo_font_size_mobile":0,"ocean_menu_typo_font_size_unit":"px","ocean_menu_typo_font_weight":"","ocean_menu_typo_font_weight_tablet":"","ocean_menu_typo_font_weight_mobile":"","ocean_menu_typo_transform":"","ocean_menu_typo_transform_tablet":"","ocean_menu_typo_transform_mobile":"","ocean_menu_typo_line_height":0,"ocean_menu_typo_line_height_tablet":0,"ocean_menu_typo_line_height_mobile":0,"ocean_menu_typo_line_height_unit":"","ocean_menu_typo_spacing":0,"ocean_menu_typo_spacing_tablet":0,"ocean_menu_typo_spacing_mobile":0,"ocean_menu_typo_spacing_unit":"","ocean_menu_link_color":"","ocean_menu_link_color_hover":"","ocean_menu_link_color_active":"","ocean_menu_link_background":"","ocean_menu_link_hover_background":"","ocean_menu_link_active_background":"","ocean_menu_social_links_bg":"","ocean_menu_social_hover_links_bg":"","ocean_menu_social_links_color":"","ocean_menu_social_hover_links_color":"","ocean_disable_title":"default","ocean_disable_heading":"default","ocean_post_title":"","ocean_post_subheading":"","ocean_post_title_style":"","ocean_post_title_background_color":"","ocean_post_title_background":0,"ocean_post_title_bg_image_position":"","ocean_post_title_bg_image_attachment":"","ocean_post_title_bg_image_repeat":"","ocean_post_title_bg_image_size":"","ocean_post_title_height":0,"ocean_post_title_bg_overlay":0.5,"ocean_post_title_bg_overlay_color":"","ocean_disable_breadcrumbs":"default","ocean_breadcrumbs_color":"","ocean_breadcrumbs_separator_color":"","ocean_breadcrumbs_links_color":"","ocean_breadcrumbs_links_hover_color":"","ocean_display_footer_widgets":"default","ocean_display_footer_bottom":"default","ocean_custom_footer_template":"0","footnotes":""},"class_list":["post-1140","page","type-page","status-publish","hentry","entry"],"jetpack_sharing_enabled":true,"_links":{"self":[{"href":"https:\/\/www.sus-gohr.de\/index.php\/wp-json\/wp\/v2\/pages\/1140","targetHints":{"allow":["GET"]}}],"collection":[{"href":"https:\/\/www.sus-gohr.de\/index.php\/wp-json\/wp\/v2\/pages"}],"about":[{"href":"https:\/\/www.sus-gohr.de\/index.php\/wp-json\/wp\/v2\/types\/page"}],"author":[{"embeddable":true,"href":"https:\/\/www.sus-gohr.de\/index.php\/wp-json\/wp\/v2\/users\/1"}],"replies":[{"embeddable":true,"href":"https:\/\/www.sus-gohr.de\/index.php\/wp-json\/wp\/v2\/comments?post=1140"}],"version-history":[{"count":8,"href":"https:\/\/www.sus-gohr.de\/index.php\/wp-json\/wp\/v2\/pages\/1140\/revisions"}],"predecessor-version":[{"id":1257,"href":"https:\/\/www.sus-gohr.de\/index.php\/wp-json\/wp\/v2\/pages\/1140\/revisions\/1257"}],"up":[{"embeddable":true,"href":"https:\/\/www.sus-gohr.de\/index.php\/wp-json\/wp\/v2\/pages\/1147"}],"wp:attachment":[{"href":"https:\/\/www.sus-gohr.de\/index.php\/wp-json\/wp\/v2\/media?parent=1140"}],"curies":[{"name":"wp","href":"https:\/\/api.w.org\/{rel}","templated":true}]}}