{"id":2347,"date":"2021-07-13T14:25:09","date_gmt":"2021-07-13T14:25:09","guid":{"rendered":"https:\/\/www.sus-gohr.de\/?page_id=2347"},"modified":"2021-07-13T14:33:06","modified_gmt":"2021-07-13T14:33:06","slug":"projekt-kleinspielfeld","status":"publish","type":"page","link":"https:\/\/www.sus-gohr.de\/index.php\/news\/projekt-kleinspielfeld\/","title":{"rendered":"Projekt Kleinspielfeld"},"content":{"rendered":"\t\t<div data-elementor-type=\"wp-page\" data-elementor-id=\"2347\" class=\"elementor elementor-2347\" data-elementor-post-type=\"page\">\n\t\t\t\t\t\t<section class=\"elementor-section elementor-top-section elementor-element elementor-element-18039902 elementor-section-boxed elementor-section-height-default elementor-section-height-default\" data-id=\"18039902\" data-element_type=\"section\" data-e-type=\"section\">\n\t\t\t\t\t\t<div class=\"elementor-container elementor-column-gap-default\">\n\t\t\t\t\t<div class=\"elementor-column elementor-col-100 elementor-top-column elementor-element elementor-element-36d3e862\" data-id=\"36d3e862\" data-element_type=\"column\" data-e-type=\"column\">\n\t\t\t<div class=\"elementor-widget-wrap elementor-element-populated\">\n\t\t\t\t\t\t<div class=\"elementor-element elementor-element-d6d994f elementor-widget elementor-widget-spacer\" data-id=\"d6d994f\" data-element_type=\"widget\" data-e-type=\"widget\" data-widget_type=\"spacer.default\">\n\t\t\t\t<div class=\"elementor-widget-container\">\n\t\t\t\t\t\t\t<div class=\"elementor-spacer\">\n\t\t\t<div class=\"elementor-spacer-inner\"><\/div>\n\t\t<\/div>\n\t\t\t\t\t\t<\/div>\n\t\t\t\t<\/div>\n\t\t\t\t<div class=\"elementor-element elementor-element-1d916dc elementor-widget elementor-widget-heading\" data-id=\"1d916dc\" data-element_type=\"widget\" data-e-type=\"widget\" data-widget_type=\"heading.default\">\n\t\t\t\t<div class=\"elementor-widget-container\">\n\t\t\t\t\t<h2 class=\"elementor-heading-title elementor-size-default\">Die Projekt Kleinspielfeld<\/h2>\t\t\t\t<\/div>\n\t\t\t\t<\/div>\n\t\t\t\t\t<\/div>\n\t\t<\/div>\n\t\t\t\t\t<\/div>\n\t\t<\/section>\n\t\t\t\t<section class=\"elementor-section elementor-top-section elementor-element elementor-element-5ac8e32 elementor-section-boxed elementor-section-height-default elementor-section-height-default\" data-id=\"5ac8e32\" data-element_type=\"section\" data-e-type=\"section\">\n\t\t\t\t\t\t<div class=\"elementor-container elementor-column-gap-default\">\n\t\t\t\t\t<div class=\"elementor-column elementor-col-100 elementor-top-column elementor-element elementor-element-51397bb\" data-id=\"51397bb\" data-element_type=\"column\" data-e-type=\"column\">\n\t\t\t<div class=\"elementor-widget-wrap elementor-element-populated\">\n\t\t\t\t\t\t<div class=\"elementor-element elementor-element-250dfb4 elementor-widget elementor-widget-heading\" data-id=\"250dfb4\" data-element_type=\"widget\" data-e-type=\"widget\" data-widget_type=\"heading.default\">\n\t\t\t\t<div class=\"elementor-widget-container\">\n\t\t\t\t\t<h4 class=\"elementor-heading-title elementor-size-default\">Verein errichtet eine multifunktionale Sportanlage<\/h4>\t\t\t\t<\/div>\n\t\t\t\t<\/div>\n\t\t\t\t<div class=\"elementor-element elementor-element-9c96e77 elementor-widget elementor-widget-text-editor\" data-id=\"9c96e77\" data-element_type=\"widget\" data-e-type=\"widget\" data-widget_type=\"text-editor.default\">\n\t\t\t\t<div class=\"elementor-widget-container\">\n\t\t\t\t\t\t\t\t\t<p>In der fr\u00fchen Planungsphase der neuen Sportanlage entwickelte sich von Vereinsseite mehr und mehr der Gedanke, das bislang im eigentlichen Bauprojekt nicht ber\u00fccksichtigte Areal in Richtung des Weges \u201eAm Rehwinkel\u201c zum Bau eines multifunktionalen Kleinspielfeldes zu nutzen.<\/p><p>Vom Abschluss des Hauptspielfeldes bis zum Zaun an der \u00f6stlichen Grenze der Sportanlage erstreckt sich entlang dem \u201eRehwinkel\u201c eine drei\u00dfig Meter breite Freifl\u00e4che, die urspr\u00fcnglich mit einem Naturrasen belegt werden sollte. Nach R\u00fccksprache mit der Projektleitung des Sportamtes wurde unserem Wunsch entsprochen, in Eigenleistung ein Kleinspielfeld zu bauen. Der Verein dankt dem Sportamt der Stadt Dormagen f\u00fcr dieses Entgegenkommen.<\/p><p>Die 30 m lange und 20 m breite Anlage soll mit einem Kunstrasen ausgestattet werden. Die Spielfl\u00e4che wird mit der Linierung eines Fu\u00dfballfeldes f\u00fcr unsere Bambinis ausgestattet, zudem wird durch eine andersfarbige Linie ein Volleyballfeld gekennzeichnet. Entsprechende Vorrichtungen zum Aufbau der entsprechenden Netzanlage sind eingeplant. Die neue Anlage soll im Sinne des Dorfgedankens gerne auch f\u00fcr die Sch\u00fcler der Friedensschule und die ortsans\u00e4ssigen Vereine zur Verf\u00fcgung stehen.<\/p><p>Zur Umsetzung dieses vereinseigenen Projektes bedarf es einer straffen Budgetplanung, die die Teuerungsrate bedingt durch die aktuelle Entwicklung im Baugewerbe miteinbezieht. Wir arbeiten t\u00e4glich unentwegt daran, die notwendige Investitionssumme zur Finanzierung des Projektes bereitzustellen.<\/p><p>An dieser Stelle darf ich mich als K\u00fcmmerer des Gesamtprojektes bei vielen B\u00fcrger und Institutionen aus unserem Dorf und dem direkten Umfeld von ganzem Herzen bedanken. Durch ihre selbstlose Bereitschaft, uns durch Spenden zu unterst\u00fctzen, haben sie unserem Verein ma\u00dfgeblich geholfen. Bezeichnend f\u00fcr das starke Engagement war die mit viel Herzblut durchgef\u00fchrte Aktion unserer j\u00fcngsten Fu\u00dfballer beim \u201esponsored walk\u201c f\u00fcr ihr neues Kleinspielfeld. Das ist in dieser Form absolut nicht selbstverst\u00e4ndlich und zeichnet unsere Dorfgemeinschaft besonders aus.<\/p><p>Der SUS DJK Gohr sagt \u201eDankesch\u00f6n!\u201c\u00a0<\/p><p>s.<\/p>\t\t\t\t\t\t\t\t<\/div>\n\t\t\t\t<\/div>\n\t\t\t\t\t<\/div>\n\t\t<\/div>\n\t\t\t\t\t<\/div>\n\t\t<\/section>\n\t\t\t\t<section class=\"elementor-section elementor-top-section elementor-element elementor-element-f194f3b elementor-section-boxed elementor-section-height-default elementor-section-height-default\" data-id=\"f194f3b\" data-element_type=\"section\" data-e-type=\"section\">\n\t\t\t\t\t\t<div class=\"elementor-container elementor-column-gap-default\">\n\t\t\t\t\t<div class=\"elementor-column elementor-col-100 elementor-top-column elementor-element elementor-element-bc0b3fa\" data-id=\"bc0b3fa\" data-element_type=\"column\" data-e-type=\"column\">\n\t\t\t<div class=\"elementor-widget-wrap\">\n\t\t\t\t\t\t\t<\/div>\n\t\t<\/div>\n\t\t\t\t\t<\/div>\n\t\t<\/section>\n\t\t\t\t<\/div>\n\t\t","protected":false},"excerpt":{"rendered":"<p>Die Projekt Kleinspielfeld Verein errichtet eine multifunktionale Sportanlage In der fr\u00fchen Planungsphase der neuen Sportanlage entwickelte sich von Vereinsseite mehr und mehr der Gedanke, das bislang im eigentlichen Bauprojekt nicht ber\u00fccksichtigte Areal in Richtung des Weges \u201eAm Rehwinkel\u201c zum Bau eines multifunktionalen Kleinspielfeldes zu nutzen. Vom Abschluss des Hauptspielfeldes bis zum Zaun an der \u00f6stlichen [&hellip;]<\/p>\n","protected":false},"author":1,"featured_media":0,"parent":380,"menu_order":2,"comment_status":"closed","ping_status":"closed","template":"elementor_header_footer","meta":{"ocean_post_layout":"","ocean_both_sidebars_style":"","ocean_both_sidebars_content_width":0,"ocean_both_sidebars_sidebars_width":0,"ocean_sidebar":"0","ocean_second_sidebar":"0","ocean_disable_margins":"enable","ocean_add_body_class":"","ocean_shortcode_before_top_bar":"","ocean_shortcode_after_top_bar":"","ocean_shortcode_before_header":"","ocean_shortcode_after_header":"","ocean_has_shortcode":"","ocean_shortcode_after_title":"","ocean_shortcode_before_footer_widgets":"","ocean_shortcode_after_footer_widgets":"","ocean_shortcode_before_footer_bottom":"","ocean_shortcode_after_footer_bottom":"","ocean_display_top_bar":"default","ocean_display_header":"default","ocean_header_style":"","ocean_center_header_left_menu":"0","ocean_custom_header_template":"0","ocean_custom_logo":0,"ocean_custom_retina_logo":0,"ocean_custom_logo_max_width":0,"ocean_custom_logo_tablet_max_width":0,"ocean_custom_logo_mobile_max_width":0,"ocean_custom_logo_max_height":0,"ocean_custom_logo_tablet_max_height":0,"ocean_custom_logo_mobile_max_height":0,"ocean_header_custom_menu":"0","ocean_menu_typo_font_family":"0","ocean_menu_typo_font_subset":"","ocean_menu_typo_font_size":0,"ocean_menu_typo_font_size_tablet":0,"ocean_menu_typo_font_size_mobile":0,"ocean_menu_typo_font_size_unit":"px","ocean_menu_typo_font_weight":"","ocean_menu_typo_font_weight_tablet":"","ocean_menu_typo_font_weight_mobile":"","ocean_menu_typo_transform":"","ocean_menu_typo_transform_tablet":"","ocean_menu_typo_transform_mobile":"","ocean_menu_typo_line_height":0,"ocean_menu_typo_line_height_tablet":0,"ocean_menu_typo_line_height_mobile":0,"ocean_menu_typo_line_height_unit":"","ocean_menu_typo_spacing":0,"ocean_menu_typo_spacing_tablet":0,"ocean_menu_typo_spacing_mobile":0,"ocean_menu_typo_spacing_unit":"","ocean_menu_link_color":"","ocean_menu_link_color_hover":"","ocean_menu_link_color_active":"","ocean_menu_link_background":"","ocean_menu_link_hover_background":"","ocean_menu_link_active_background":"","ocean_menu_social_links_bg":"","ocean_menu_social_hover_links_bg":"","ocean_menu_social_links_color":"","ocean_menu_social_hover_links_color":"","ocean_disable_title":"default","ocean_disable_heading":"default","ocean_post_title":"","ocean_post_subheading":"","ocean_post_title_style":"","ocean_post_title_background_color":"","ocean_post_title_background":0,"ocean_post_title_bg_image_position":"","ocean_post_title_bg_image_attachment":"","ocean_post_title_bg_image_repeat":"","ocean_post_title_bg_image_size":"","ocean_post_title_height":0,"ocean_post_title_bg_overlay":0.5,"ocean_post_title_bg_overlay_color":"","ocean_disable_breadcrumbs":"default","ocean_breadcrumbs_color":"","ocean_breadcrumbs_separator_color":"","ocean_breadcrumbs_links_color":"","ocean_breadcrumbs_links_hover_color":"","ocean_display_footer_widgets":"default","ocean_display_footer_bottom":"default","ocean_custom_footer_template":"0","footnotes":""},"class_list":["post-2347","page","type-page","status-publish","hentry","entry"],"jetpack_sharing_enabled":true,"_links":{"self":[{"href":"https:\/\/www.sus-gohr.de\/index.php\/wp-json\/wp\/v2\/pages\/2347","targetHints":{"allow":["GET"]}}],"collection":[{"href":"https:\/\/www.sus-gohr.de\/index.php\/wp-json\/wp\/v2\/pages"}],"about":[{"href":"https:\/\/www.sus-gohr.de\/index.php\/wp-json\/wp\/v2\/types\/page"}],"author":[{"embeddable":true,"href":"https:\/\/www.sus-gohr.de\/index.php\/wp-json\/wp\/v2\/users\/1"}],"replies":[{"embeddable":true,"href":"https:\/\/www.sus-gohr.de\/index.php\/wp-json\/wp\/v2\/comments?post=2347"}],"version-history":[{"count":4,"href":"https:\/\/www.sus-gohr.de\/index.php\/wp-json\/wp\/v2\/pages\/2347\/revisions"}],"predecessor-version":[{"id":2351,"href":"https:\/\/www.sus-gohr.de\/index.php\/wp-json\/wp\/v2\/pages\/2347\/revisions\/2351"}],"up":[{"embeddable":true,"href":"https:\/\/www.sus-gohr.de\/index.php\/wp-json\/wp\/v2\/pages\/380"}],"wp:attachment":[{"href":"https:\/\/www.sus-gohr.de\/index.php\/wp-json\/wp\/v2\/media?parent=2347"}],"curies":[{"name":"wp","href":"https:\/\/api.w.org\/{rel}","templated":true}]}}