{"id":3825,"date":"2022-10-08T17:29:41","date_gmt":"2022-10-08T17:29:41","guid":{"rendered":"https:\/\/www.sus-gohr.de\/?page_id=3825"},"modified":"2022-10-08T17:33:52","modified_gmt":"2022-10-08T17:33:52","slug":"nachruf-juppi-rossbach","status":"publish","type":"page","link":"https:\/\/www.sus-gohr.de\/index.php\/nachruf-juppi-rossbach\/","title":{"rendered":"Nachruf Juppi Ro\u00dfbach"},"content":{"rendered":"\t\t<div data-elementor-type=\"wp-page\" data-elementor-id=\"3825\" class=\"elementor elementor-3825\" data-elementor-post-type=\"page\">\n\t\t\t\t\t\t<section class=\"elementor-section elementor-top-section elementor-element elementor-element-6f10f42e elementor-section-boxed elementor-section-height-default elementor-section-height-default\" data-id=\"6f10f42e\" data-element_type=\"section\" data-e-type=\"section\">\n\t\t\t\t\t\t<div class=\"elementor-container elementor-column-gap-default\">\n\t\t\t\t\t<div class=\"elementor-column elementor-col-100 elementor-top-column elementor-element elementor-element-ae94c2c\" data-id=\"ae94c2c\" data-element_type=\"column\" data-e-type=\"column\">\n\t\t\t<div class=\"elementor-widget-wrap elementor-element-populated\">\n\t\t\t\t\t\t<div class=\"elementor-element elementor-element-6ca53e elementor-widget elementor-widget-text-editor\" data-id=\"6ca53e\" data-element_type=\"widget\" data-e-type=\"widget\" data-widget_type=\"text-editor.default\">\n\t\t\t\t<div class=\"elementor-widget-container\">\n\t\t\t\t\t\t\t\t\t\n<div id=\"wp-block-themeisle-blocks-advanced-columns-2063b776\" class=\"wp-block-themeisle-blocks-advanced-columns has-0-columns has-desktop-undefined-layout has-tablet-equal-layout has-mobile-equal-layout has-vertical-unset\"><div class=\"wp-block-themeisle-blocks-advanced-columns-overlay\"><\/div><div class=\"innerblocks-wrap\"><\/div><\/div>\n\t\t\t\t\t\t\t\t<\/div>\n\t\t\t\t<\/div>\n\t\t\t\t\t<\/div>\n\t\t<\/div>\n\t\t\t\t\t<\/div>\n\t\t<\/section>\n\t\t\t\t<section class=\"elementor-section elementor-top-section elementor-element elementor-element-a273a81 elementor-section-boxed elementor-section-height-default elementor-section-height-default\" data-id=\"a273a81\" data-element_type=\"section\" data-e-type=\"section\">\n\t\t\t\t\t\t<div class=\"elementor-container elementor-column-gap-default\">\n\t\t\t\t\t<div class=\"elementor-column elementor-col-50 elementor-top-column elementor-element elementor-element-1032342\" data-id=\"1032342\" data-element_type=\"column\" data-e-type=\"column\">\n\t\t\t<div class=\"elementor-widget-wrap elementor-element-populated\">\n\t\t\t\t\t\t<div class=\"elementor-element elementor-element-7bc02f0 elementor-widget elementor-widget-image\" data-id=\"7bc02f0\" data-element_type=\"widget\" data-e-type=\"widget\" data-widget_type=\"image.default\">\n\t\t\t\t<div class=\"elementor-widget-container\">\n\t\t\t\t\t\t\t\t\t\t\t\t\t\t\t<img fetchpriority=\"high\" decoding=\"async\" width=\"202\" height=\"300\" src=\"https:\/\/www.sus-gohr.de\/wp-content\/uploads\/2022\/03\/Juppi-Rossbach-202x300.png\" class=\"attachment-medium size-medium wp-image-3438\" alt=\"\" srcset=\"https:\/\/www.sus-gohr.de\/wp-content\/uploads\/2022\/03\/Juppi-Rossbach-202x300.png 202w, https:\/\/www.sus-gohr.de\/wp-content\/uploads\/2022\/03\/Juppi-Rossbach.png 305w\" sizes=\"(max-width: 202px) 100vw, 202px\" \/>\t\t\t\t\t\t\t\t\t\t\t\t\t\t\t<\/div>\n\t\t\t\t<\/div>\n\t\t\t\t\t<\/div>\n\t\t<\/div>\n\t\t\t\t<div class=\"elementor-column elementor-col-50 elementor-top-column elementor-element elementor-element-9981464\" data-id=\"9981464\" data-element_type=\"column\" data-e-type=\"column\">\n\t\t\t<div class=\"elementor-widget-wrap elementor-element-populated\">\n\t\t\t\t\t\t<div class=\"elementor-element elementor-element-fdc167e elementor-widget elementor-widget-text-editor\" data-id=\"fdc167e\" data-element_type=\"widget\" data-e-type=\"widget\" data-widget_type=\"text-editor.default\">\n\t\t\t\t<div class=\"elementor-widget-container\">\n\t\t\t\t\t\t\t\t\t<p><b>Nachruf <\/b><b>Juppi Ro\u00dfbach<\/b><\/p>\n<p>Hans-Josef \u201eJuppi\u201c Ro\u00dfbach ist tot. Eine Nachricht, die unseren Verein auf das \u00c4u\u00dferste ersch\u00fcttert. Bei all denjenigen, die Juppi als \u00fcberaus sympathischen und stets fairen Sportsmann erlebt haben, l\u00f6st sein Tod Trauer und Best\u00fcrzung aus. Einen Menschen zu verlieren, der seit fr\u00fchester Kindheit seinen Verein SuS Gohr im Herzen trug, tut ganz besonders weh.<\/p>\n<p>Seine Liebe zum Fu\u00dfball zog Juppi Ro\u00dfbach von Kindes Beinen an auf den Gohrer Sportplatz an der Bruchstra\u00dfe. Dort startete er seine Laufbahn bei den j\u00fcngsten Fu\u00dfballern bis hin zur A-Jugend in einem \u00fcberaus talentierten Jahrgang. Mit seinem Einstieg in die 1. Mannschaft begann die wohl erfolgreichste Zeit in der Vereinsgeschichte des SuS Gohr. Juppi war bei allen Aufstiegen von der Kreisliga C bis in die Bezirksliga der Lenker und Denker im Mittelfeld der Gohrer Elf. In den Folgejahren fungierte der Inhaber der DFB-B-Lizenz sowohl als Trainer der Seniorenmannschaft als auch \u00fcber viele Jahre des Juniorenteams, in dem sein Sohn Fabian die Fu\u00dfballschuhe schn\u00fcrte.<\/p>\n<p>Im Februar 2020 wurde Juppi dann meine rechte Hand im Abteilungsvorstand der Fu\u00dfball-Senioren. In der Funktion des sportlichen Leiters wollte er sich mit mir gemeinsam um die Belange unserer 1. Mannschaft k\u00fcmmern. Kurz darauf ereilte ihn eine Krankheit, von der er sich nicht mehr erholen sollte. In unserem gemeinsamen Gedankenaustausch \u00fcber Fu\u00dfball kristallisierte sich eine Maxime besonders heraus, auf die er all sein sportliches Tun und Handeln ausrichtete. Aus den ihm anvertrauten jungen Sportlern sollten \u201eneben guten Fu\u00dfballern auch anst\u00e4ndige Menschen werden\u201c. Diese Einstellung lebte er vor, sie zeichnete ihn im Besonderen aus. F\u00fcr viele junge Fu\u00dfballer war Juppi ein Vorbild, an dem sie sich orientierten.<\/p>\n<p>Hans-Josef Ro\u00dfbach starb im Alter von 55 Jahren. Ann\u00e4hernd ein halbes Jahrhundert hielt er seinem Verein SuS DJK Gohr stets die Treue. Die L\u00fccke, die er hinterl\u00e4sst, ist nicht zu schlie\u00dfen. Er war f\u00fcr unser Team einzigartig.<br \/>Juppi, wir werden Dich sehr vermissen. Du fehlst. \u00a0\u00a0\u00a0\u00a0 <br \/><i>Rolf Radermacher<\/i><\/p>\t\t\t\t\t\t\t\t<\/div>\n\t\t\t\t<\/div>\n\t\t\t\t\t<\/div>\n\t\t<\/div>\n\t\t\t\t\t<\/div>\n\t\t<\/section>\n\t\t\t\t<\/div>\n\t\t","protected":false},"excerpt":{"rendered":"<p>Nachruf Juppi Ro\u00dfbach Hans-Josef \u201eJuppi\u201c Ro\u00dfbach ist tot. Eine Nachricht, die unseren Verein auf das \u00c4u\u00dferste ersch\u00fcttert. Bei all denjenigen, die Juppi als \u00fcberaus sympathischen und stets fairen Sportsmann erlebt haben, l\u00f6st sein Tod Trauer und Best\u00fcrzung aus. Einen Menschen zu verlieren, der seit fr\u00fchester Kindheit seinen Verein SuS Gohr im Herzen trug, tut ganz [&hellip;]<\/p>\n","protected":false},"author":1,"featured_media":0,"parent":0,"menu_order":0,"comment_status":"closed","ping_status":"closed","template":"elementor_header_footer","meta":{"ocean_post_layout":"","ocean_both_sidebars_style":"","ocean_both_sidebars_content_width":0,"ocean_both_sidebars_sidebars_width":0,"ocean_sidebar":"0","ocean_second_sidebar":"0","ocean_disable_margins":"enable","ocean_add_body_class":"","ocean_shortcode_before_top_bar":"","ocean_shortcode_after_top_bar":"","ocean_shortcode_before_header":"","ocean_shortcode_after_header":"","ocean_has_shortcode":"","ocean_shortcode_after_title":"","ocean_shortcode_before_footer_widgets":"","ocean_shortcode_after_footer_widgets":"","ocean_shortcode_before_footer_bottom":"","ocean_shortcode_after_footer_bottom":"","ocean_display_top_bar":"default","ocean_display_header":"default","ocean_header_style":"","ocean_center_header_left_menu":"0","ocean_custom_header_template":"0","ocean_custom_logo":0,"ocean_custom_retina_logo":0,"ocean_custom_logo_max_width":0,"ocean_custom_logo_tablet_max_width":0,"ocean_custom_logo_mobile_max_width":0,"ocean_custom_logo_max_height":0,"ocean_custom_logo_tablet_max_height":0,"ocean_custom_logo_mobile_max_height":0,"ocean_header_custom_menu":"0","ocean_menu_typo_font_family":"0","ocean_menu_typo_font_subset":"","ocean_menu_typo_font_size":0,"ocean_menu_typo_font_size_tablet":0,"ocean_menu_typo_font_size_mobile":0,"ocean_menu_typo_font_size_unit":"px","ocean_menu_typo_font_weight":"","ocean_menu_typo_font_weight_tablet":"","ocean_menu_typo_font_weight_mobile":"","ocean_menu_typo_transform":"","ocean_menu_typo_transform_tablet":"","ocean_menu_typo_transform_mobile":"","ocean_menu_typo_line_height":0,"ocean_menu_typo_line_height_tablet":0,"ocean_menu_typo_line_height_mobile":0,"ocean_menu_typo_line_height_unit":"","ocean_menu_typo_spacing":0,"ocean_menu_typo_spacing_tablet":0,"ocean_menu_typo_spacing_mobile":0,"ocean_menu_typo_spacing_unit":"","ocean_menu_link_color":"","ocean_menu_link_color_hover":"","ocean_menu_link_color_active":"","ocean_menu_link_background":"","ocean_menu_link_hover_background":"","ocean_menu_link_active_background":"","ocean_menu_social_links_bg":"","ocean_menu_social_hover_links_bg":"","ocean_menu_social_links_color":"","ocean_menu_social_hover_links_color":"","ocean_disable_title":"default","ocean_disable_heading":"default","ocean_post_title":"","ocean_post_subheading":"","ocean_post_title_style":"","ocean_post_title_background_color":"","ocean_post_title_background":0,"ocean_post_title_bg_image_position":"","ocean_post_title_bg_image_attachment":"","ocean_post_title_bg_image_repeat":"","ocean_post_title_bg_image_size":"","ocean_post_title_height":0,"ocean_post_title_bg_overlay":0.5,"ocean_post_title_bg_overlay_color":"","ocean_disable_breadcrumbs":"default","ocean_breadcrumbs_color":"","ocean_breadcrumbs_separator_color":"","ocean_breadcrumbs_links_color":"","ocean_breadcrumbs_links_hover_color":"","ocean_display_footer_widgets":"default","ocean_display_footer_bottom":"default","ocean_custom_footer_template":"0","footnotes":""},"class_list":["post-3825","page","type-page","status-publish","hentry","entry"],"jetpack_sharing_enabled":true,"_links":{"self":[{"href":"https:\/\/www.sus-gohr.de\/index.php\/wp-json\/wp\/v2\/pages\/3825","targetHints":{"allow":["GET"]}}],"collection":[{"href":"https:\/\/www.sus-gohr.de\/index.php\/wp-json\/wp\/v2\/pages"}],"about":[{"href":"https:\/\/www.sus-gohr.de\/index.php\/wp-json\/wp\/v2\/types\/page"}],"author":[{"embeddable":true,"href":"https:\/\/www.sus-gohr.de\/index.php\/wp-json\/wp\/v2\/users\/1"}],"replies":[{"embeddable":true,"href":"https:\/\/www.sus-gohr.de\/index.php\/wp-json\/wp\/v2\/comments?post=3825"}],"version-history":[{"count":8,"href":"https:\/\/www.sus-gohr.de\/index.php\/wp-json\/wp\/v2\/pages\/3825\/revisions"}],"predecessor-version":[{"id":3833,"href":"https:\/\/www.sus-gohr.de\/index.php\/wp-json\/wp\/v2\/pages\/3825\/revisions\/3833"}],"wp:attachment":[{"href":"https:\/\/www.sus-gohr.de\/index.php\/wp-json\/wp\/v2\/media?parent=3825"}],"curies":[{"name":"wp","href":"https:\/\/api.w.org\/{rel}","templated":true}]}}